{"id":13220,"date":"2015-10-07T17:45:58","date_gmt":"2015-10-07T17:45:58","guid":{"rendered":"http:\/\/academyci.com.br\/?page_id=13220"},"modified":"2017-09-19T16:29:00","modified_gmt":"2017-09-19T19:29:00","slug":"edson-ito","status":"publish","type":"page","link":"https:\/\/advsbrasil.com.br\/en\/edson-ito\/","title":{"rendered":"Edson Ito"},"content":{"rendered":"<p><div  class=\"fusion-fullwidth fullwidth-box hundred-percent-fullwidth\"  style='background-color: rgba(255,255,255,0);background-position: center center;background-repeat: no-repeat;padding-top:40px;padding-right:70px;padding-bottom:40px;padding-left:70px;'><div class=\"fusion-builder-row fusion-row \"><div  class=\"fusion-layout-column fusion_builder_column fusion_builder_column_1_1  fusion-one-full fusion-column-first fusion-column-last fusion-column-no-min-height 1_1\"  style='margin-top:0px;margin-bottom:0px;'>\n\t\t\t<div class=\"fusion-column-wrapper\" style=\"background-position:left top;background-repeat:no-repeat;-webkit-background-size:cover;-moz-background-size:cover;-o-background-size:cover;background-size:cover;\"  data-bg-url=\"\">\n\t\t\t\t<div class=\"fusion-sep-clear\"><\/div><div class=\"fusion-separator fusion-full-width-sep sep-shadow\" style=\"background:radial-gradient(ellipse at 50% -50% , #e0dede 0px, rgba(255, 255, 255, 0) 80%) repeat scroll 0 0 rgba(0, 0, 0, 0);background:-webkit-radial-gradient(ellipse at 50% -50% , #e0dede 0px, rgba(255, 255, 255, 0) 80%) repeat scroll 0 0 rgba(0, 0, 0, 0);background:-moz-radial-gradient(ellipse at 50% -50% , #e0dede 0px, rgba(255, 255, 255, 0) 80%) repeat scroll 0 0 rgba(0, 0, 0, 0);background:-o-radial-gradient(ellipse at 50% -50% , #e0dede 0px, rgba(255, 255, 255, 0) 80%) repeat scroll 0 0 rgba(0, 0, 0, 0);margin-left: auto;margin-right: auto;margin-top:10px;margin-bottom:25px;\"><\/div><span style=\"-moz-box-shadow: 0 0 3px rgba(0,0,0,.3);-webkit-box-shadow: 0 0 3px rgba(0,0,0,.3);box-shadow: 0 0 3px rgba(0,0,0,.3);margin-right:25px;float:left;\" class=\"fusion-imageframe imageframe-glow imageframe-2 hover-type-none\"><img decoding=\"async\" src=\"http:\/\/advsbrasil.com.br\/wp-content\/uploads\/2015\/10\/equipe_edson.jpg\" width=\"\" height=\"\" alt=\"\" title=\"\" class=\"img-responsive\"\/><\/span><p><span class=\"st\"><strong>Director \u2013 Ito Consultancy<\/strong><br \/>\n<\/span><\/p>\n<p><span id=\"result_box\" class=\"\" lang=\"en\" tabindex=\"-1\">Edson Ito is a specialist in Strategy, Competitive Intelligence and Counter Intelligence. He has been in the market since 1996, and develops projects and programs in national and international scope. He is a partner of Ito Consultoria, where he develops training activities, training in assembly projects and management of areas of Competitive Intelligence. He has a partnership with ADVS in the area of Competitive Intelligence training.<br \/>\nHe was a member of the Strategic and Competitive Intelligence Professionals (SCIP) Board at a global level and was president of SCIP Brasil between 2009 and 2011. Professor in several MBA courses, Post MBA, Postgraduate, Specialization and Continuing Education Programs at Funda\u00e7\u00e3o Get\u00falio Vargas (FGV), Funda\u00e7\u00e3o Instituto de Administra\u00e7\u00e3o (FIA) and Funda\u00e7\u00e3o Instituto de Pesquisas Econ\u00f4micas (FIPE).<br \/>\nHe has worked for major companies such as Embraer, Motorola, Ericsson and Givaudan, mainly developing projects and programs in the areas of Strategy, Competitive Intelligence and Counter Intelligence. His experience encompasses the sectors of Services, Manufacturing, Telecommunications, Defense, Aerospace, Food, Beverage and Chemistry.<\/span><\/p>\n<div class=\"fusion-sep-clear\"><\/div><div class=\"fusion-separator fusion-full-width-sep sep-shadow\" style=\"background:radial-gradient(ellipse at 50% -50% , #e0dede 0px, rgba(255, 255, 255, 0) 80%) repeat scroll 0 0 rgba(0, 0, 0, 0);background:-webkit-radial-gradient(ellipse at 50% -50% , #e0dede 0px, rgba(255, 255, 255, 0) 80%) repeat scroll 0 0 rgba(0, 0, 0, 0);background:-moz-radial-gradient(ellipse at 50% -50% , #e0dede 0px, rgba(255, 255, 255, 0) 80%) repeat scroll 0 0 rgba(0, 0, 0, 0);background:-o-radial-gradient(ellipse at 50% -50% , #e0dede 0px, rgba(255, 255, 255, 0) 80%) repeat scroll 0 0 rgba(0, 0, 0, 0);margin-left: auto;margin-right: auto;margin-top:10px;margin-bottom:25px;\"><\/div><div class=\"fusion-sep-clear\"><\/div><div class=\"fusion-separator fusion-full-width-sep sep-double sep-solid\" style=\"border-color:#e0dede;border-top-width:1px;border-bottom-width:1px;margin-left: auto;margin-right: auto;margin-top:10px;\"><\/div><h4 style=\"text-align: center;\">Academy of Competitive Intelligence founders and original creators of our programs<\/h4>\n<p style=\"text-align: center;\"><a href=\"\/leonard-fuld\/\">Leonard Fuld<\/a> | <a href=\"\/ben-gilad\/\">Ben Gilad<\/a> | <a href=\"\/jan-herring\/\">Jan Herring<\/a><\/p>\n<div class=\"fusion-clearfix\"><\/div>\n\n\t\t\t<\/div>\n\t\t<\/div><\/div><\/div><\/p>","protected":false},"excerpt":{"rendered":"","protected":false},"author":1,"featured_media":0,"parent":0,"menu_order":0,"comment_status":"closed","ping_status":"closed","template":"","meta":{"footnotes":""},"_links":{"self":[{"href":"https:\/\/advsbrasil.com.br\/en\/wp-json\/wp\/v2\/pages\/13220"}],"collection":[{"href":"https:\/\/advsbrasil.com.br\/en\/wp-json\/wp\/v2\/pages"}],"about":[{"href":"https:\/\/advsbrasil.com.br\/en\/wp-json\/wp\/v2\/types\/page"}],"author":[{"embeddable":true,"href":"https:\/\/advsbrasil.com.br\/en\/wp-json\/wp\/v2\/users\/1"}],"replies":[{"embeddable":true,"href":"https:\/\/advsbrasil.com.br\/en\/wp-json\/wp\/v2\/comments?post=13220"}],"version-history":[{"count":5,"href":"https:\/\/advsbrasil.com.br\/en\/wp-json\/wp\/v2\/pages\/13220\/revisions"}],"predecessor-version":[{"id":14746,"href":"https:\/\/advsbrasil.com.br\/en\/wp-json\/wp\/v2\/pages\/13220\/revisions\/14746"}],"wp:attachment":[{"href":"https:\/\/advsbrasil.com.br\/en\/wp-json\/wp\/v2\/media?parent=13220"}],"curies":[{"name":"wp","href":"https:\/\/api.w.org\/{rel}","templated":true}]}}