{"id":14302,"date":"2016-10-14T13:44:40","date_gmt":"2016-10-14T16:44:40","guid":{"rendered":"http:\/\/advsbrasil.com.br\/?page_id=14302"},"modified":"2017-01-10T17:01:36","modified_gmt":"2017-01-10T20:01:36","slug":"contrato-de-prestacao-de-servicos-educacionais","status":"publish","type":"page","link":"https:\/\/advsbrasil.com.br\/en\/contrato-de-prestacao-de-servicos-educacionais\/","title":{"rendered":"CONTRATO DE PRESTA\u00c7\u00c3O DE SERVI\u00c7OS EDUCACIONAIS"},"content":{"rendered":"<p class=\"qtranxs-available-languages-message qtranxs-available-languages-message-en\">Sorry, this entry is only available in <a href=\"https:\/\/advsbrasil.com.br\/pb\/wp-json\/wp\/v2\/pages\/14302\" class=\"qtranxs-available-language-link qtranxs-available-language-link-pb\" title=\"Portugu\u00eas\">Brazilian Portuguese<\/a>.<\/p>","protected":false},"excerpt":{"rendered":"","protected":false},"author":1,"featured_media":0,"parent":0,"menu_order":0,"comment_status":"closed","ping_status":"closed","template":"","meta":{"footnotes":""},"_links":{"self":[{"href":"https:\/\/advsbrasil.com.br\/en\/wp-json\/wp\/v2\/pages\/14302"}],"collection":[{"href":"https:\/\/advsbrasil.com.br\/en\/wp-json\/wp\/v2\/pages"}],"about":[{"href":"https:\/\/advsbrasil.com.br\/en\/wp-json\/wp\/v2\/types\/page"}],"author":[{"embeddable":true,"href":"https:\/\/advsbrasil.com.br\/en\/wp-json\/wp\/v2\/users\/1"}],"replies":[{"embeddable":true,"href":"https:\/\/advsbrasil.com.br\/en\/wp-json\/wp\/v2\/comments?post=14302"}],"version-history":[{"count":15,"href":"https:\/\/advsbrasil.com.br\/en\/wp-json\/wp\/v2\/pages\/14302\/revisions"}],"predecessor-version":[{"id":14436,"href":"https:\/\/advsbrasil.com.br\/en\/wp-json\/wp\/v2\/pages\/14302\/revisions\/14436"}],"wp:attachment":[{"href":"https:\/\/advsbrasil.com.br\/en\/wp-json\/wp\/v2\/media?parent=14302"}],"curies":[{"name":"wp","href":"https:\/\/api.w.org\/{rel}","templated":true}]}}