{"id":13813,"date":"2016-01-29T12:15:57","date_gmt":"2016-01-29T15:15:57","guid":{"rendered":"http:\/\/academyci.com.br\/?post_type=product&#038;p=13813"},"modified":"2024-02-29T17:43:56","modified_gmt":"2024-02-29T20:43:56","slug":"criacao-e-implantacao-de-operacao-de-inteligencia-de-classe-mundial","status":"publish","type":"product","link":"https:\/\/advsbrasil.com.br\/en\/inscricao\/criacao-e-implantacao-de-operacao-de-inteligencia-de-classe-mundial\/","title":{"rendered":"Cria\u00e7\u00e3o e implanta\u00e7\u00e3o de Opera\u00e7\u00e3o de Intelig\u00eancia de Classe Mundial"},"content":{"rendered":"","protected":false},"excerpt":{"rendered":"","protected":false},"featured_media":0,"comment_status":"open","ping_status":"closed","template":"","meta":[],"product_cat":[39],"product_tag":[],"_links":{"self":[{"href":"https:\/\/advsbrasil.com.br\/en\/wp-json\/wp\/v2\/product\/13813"}],"collection":[{"href":"https:\/\/advsbrasil.com.br\/en\/wp-json\/wp\/v2\/product"}],"about":[{"href":"https:\/\/advsbrasil.com.br\/en\/wp-json\/wp\/v2\/types\/product"}],"replies":[{"embeddable":true,"href":"https:\/\/advsbrasil.com.br\/en\/wp-json\/wp\/v2\/comments?post=13813"}],"wp:attachment":[{"href":"https:\/\/advsbrasil.com.br\/en\/wp-json\/wp\/v2\/media?parent=13813"}],"wp:term":[{"taxonomy":"product_cat","embeddable":true,"href":"https:\/\/advsbrasil.com.br\/en\/wp-json\/wp\/v2\/product_cat?post=13813"},{"taxonomy":"product_tag","embeddable":true,"href":"https:\/\/advsbrasil.com.br\/en\/wp-json\/wp\/v2\/product_tag?post=13813"}],"curies":[{"name":"wp","href":"https:\/\/api.w.org\/{rel}","templated":true}]}}