{"id":13816,"date":"2016-01-29T12:18:42","date_gmt":"2016-01-29T15:18:42","guid":{"rendered":"http:\/\/academyci.com.br\/?post_type=product&#038;p=13816"},"modified":"2016-03-29T14:55:58","modified_gmt":"2016-03-29T17:55:58","slug":"antecipando-rupturas-analise-de-cenarios-ferramentas-e-tecnicas-2-dias","status":"publish","type":"product","link":"https:\/\/advsbrasil.com.br\/en\/inscricao\/antecipando-rupturas-analise-de-cenarios-ferramentas-e-tecnicas-2-dias\/","title":{"rendered":"Antecipando Rupturas &#8211; An\u00e1lise de Cen\u00e1rios, Ferramentas e T\u00e9cnicas (2 dias)"},"content":{"rendered":"","protected":false},"excerpt":{"rendered":"","protected":false},"featured_media":0,"comment_status":"open","ping_status":"closed","template":"","meta":[],"product_cat":[40],"product_tag":[],"_links":{"self":[{"href":"https:\/\/advsbrasil.com.br\/en\/wp-json\/wp\/v2\/product\/13816"}],"collection":[{"href":"https:\/\/advsbrasil.com.br\/en\/wp-json\/wp\/v2\/product"}],"about":[{"href":"https:\/\/advsbrasil.com.br\/en\/wp-json\/wp\/v2\/types\/product"}],"replies":[{"embeddable":true,"href":"https:\/\/advsbrasil.com.br\/en\/wp-json\/wp\/v2\/comments?post=13816"}],"wp:attachment":[{"href":"https:\/\/advsbrasil.com.br\/en\/wp-json\/wp\/v2\/media?parent=13816"}],"wp:term":[{"taxonomy":"product_cat","embeddable":true,"href":"https:\/\/advsbrasil.com.br\/en\/wp-json\/wp\/v2\/product_cat?post=13816"},{"taxonomy":"product_tag","embeddable":true,"href":"https:\/\/advsbrasil.com.br\/en\/wp-json\/wp\/v2\/product_tag?post=13816"}],"curies":[{"name":"wp","href":"https:\/\/api.w.org\/{rel}","templated":true}]}}